{"id":59,"date":"2014-10-13T16:41:38","date_gmt":"2014-10-13T15:41:38","guid":{"rendered":"http:\/\/wpfinch.wpengine.com\/?page_id=59"},"modified":"2021-11-19T14:59:38","modified_gmt":"2021-11-19T13:59:38","slug":"ueber-pixelwucht","status":"publish","type":"page","link":"http:\/\/pixelwucht.de\/?page_id=59","title":{"rendered":"\u00dcber Pixelwucht"},"content":{"rendered":"<div class=\"light-wrapper\"><div class=\"container inner\"><div class=\"row\"><div id=\"aq-block-683-2\" class=\"aq-block aq-block-aq_section_title_block col-sm-12 aq-first aq-last \">\t\n\t\t<div class=\"clearfix\"><\/div>\n\t\t\t<h3 class=\"section-title pull-left\">Was hinter Pixelwucht.de steckt<\/h3>\t\t<div class=\"clearfix\"><\/div>\n\t\t\n\t<\/div><div id=\"aq-block-683-3\" class=\"aq-block aq-block-aq_ebor_text_block col-sm-12 aq-first aq-last \"><p style=\"text-align: justify;\"><a href=\"http:\/\/pixelwucht.de\/wp-content\/uploads\/2015\/02\/Compressed_0102.jpg\"><img loading=\"lazy\" decoding=\"async\" class=\"alignleft  wp-image-756\" src=\"http:\/\/pixelwucht.de\/wp-content\/uploads\/2015\/02\/Compressed_0102-251x300.jpg\" alt=\"Compressed_0102\" width=\"346\" height=\"414\" srcset=\"http:\/\/pixelwucht.de\/wp-content\/uploads\/2015\/02\/Compressed_0102-251x300.jpg 251w, http:\/\/pixelwucht.de\/wp-content\/uploads\/2015\/02\/Compressed_0102-857x1024.jpg 857w, http:\/\/pixelwucht.de\/wp-content\/uploads\/2015\/02\/Compressed_0102.jpg 1004w\" sizes=\"auto, (max-width: 346px) 100vw, 346px\" \/><\/a><\/p>\n<p style=\"text-align: justify;\"><strong>Ja was steckt denn nun eigentlich hinter Pixelwucht.de?<\/strong><\/p>\n<p style=\"text-align: justify;\">Eigentlich ist das relativ einfach, mein Name ist Tobias Ritter und ich betreibe diese Seite. Entt\u00e4uscht von den Ergebnissen, welche meine Kompaktkamera erzielte und auch ein wenig angefixt von den Bildern, welche ein sehr guter Freund immer wieder aus dem Urlaub vorzeigen konnte, wurde ich 2013 von dem Virus \"Fotografie\" infiziert und so die Lust nach \"mehr\" geweckt. Anfangs ausgestattet mit einer Nikon D7100 und einigen Objektiven streifte ich vorerst durch die n\u00e4here Umgebung L\u00f6rrachs auf der Suche nach interessanten Motiven. Mit den daraus gewonnenen Bildern verschenkte ich dann auch zum Jahresende meinen ersten Fotokalender an die Familie und Freunde. \u00dcberw\u00e4ltigt von der positiven R\u00fcckmeldung wuchs dann irgendwann das Bed\u00fcrfnis nach einer besseren Bildqualit\u00e4t. Die logische Konsequenz war \u00a0der Umstieg auf eine Vollformatkamera mit mehr Pixeln.<\/p>\n<p style=\"text-align: justify;\">Seitdem hat die Begeisterung f\u00fcr das Fotografieren einen festen Bestandteil eingenommen und ich versuche regelm\u00e4\u00dfig mein Portfolio zu erweitern. Mein Augenmerk liegt vor allem auf der Landschafts-, Reise bzw. generell der Outdoorfotografie mit all ihren Facetten. Aber auch \"modernere\", fotografische Stilrichtungen wie das Urbane-Umfeld als auch die klassische Portraitfotografie bereiten mir viel Vergn\u00fcgen und lassen das Fotografieren so nie langweilig werden.<\/p>\n<p style=\"text-align: justify;\">Ich hoffe, dass ich die Begeisterung f\u00fcr die Fotografie mit den von mir gezeigten Bildern \u00fcbertragen kann und der ein oder andere vielleicht so auch ein wenig seinem Alltag entfliehen kann.<\/p>\n<p style=\"text-align: justify;\">Wer Interesse an meinen Bildern hat, kann diese entweder \u00fcber folgenden Link bei <a title=\"500px.com\" href=\"https:\/\/500px.com\/Pixelwucht\" target=\"_blank\">500px.com<\/a>\u00a0beziehen oder\u00a0kann sich gerne direkt \u00fcber das <a title=\"Pixelwucht \u2013 Kontakt\" href=\"http:\/\/pixelwucht.de\/?page_id=471\" target=\"_blank\">Kontaktformular<\/a>\u00a0an mich wenden.<\/p>\n<p style=\"text-align: justify;\">\u00a0\u00a0<\/p>\n<p style=\"text-align: center;\">In diesem Sinne w\u00fcnsche ich viel Spa\u00df beim Betrachten meiner\u00a0Bilder.<\/p>\n<p style=\"text-align: center;\">\u00a0<\/p>\n<p style=\"text-align: left;\">\u00a0 \u00a0 \u00a0 \u00a0 \u00a0 \u00a0 \u00a0 \u00a0 \u00a0 \u00a0 \u00a0 \u00a0 \u00a0 \u00a0 \u00a0 \u00a0 \u00a0 \u00a0 \u00a0 \u00a0 \u00a0 \u00a0 \u00a0 \u00a0 \u00a0 \u00a0 \u00a0 \u00a0 \u00a0 \u00a0 \u00a0 \u00a0 \u00a0 \u00a0 \u00a0 \u00a0 \u00a0 \u00a0 \u00a0 \u00a0 \u00a0 \u00a0 \u00a0 \u00a0 \u00a0 \u00a0 \u00a0 \u00a0 \u00a0 \u00a0 \u00a0 \u00a0 \u00a0 \u00a0 \u00a0 \u00a0 \u00a0 Tobias Ritter<\/p>\n<p style=\"text-align: justify;\">\u00a0<\/p>\n<div class=\"divide20\"><\/div><\/div><\/div><\/div><\/div>\n<div class=\"clearfix\"><\/div>","protected":false},"excerpt":{"rendered":"","protected":false},"author":1,"featured_media":0,"parent":0,"menu_order":0,"comment_status":"closed","ping_status":"open","template":"page_page-builder-fullwidth.php","meta":{"footnotes":""},"class_list":["post-59","page","type-page","status-publish","hentry"],"_links":{"self":[{"href":"http:\/\/pixelwucht.de\/index.php?rest_route=\/wp\/v2\/pages\/59","targetHints":{"allow":["GET"]}}],"collection":[{"href":"http:\/\/pixelwucht.de\/index.php?rest_route=\/wp\/v2\/pages"}],"about":[{"href":"http:\/\/pixelwucht.de\/index.php?rest_route=\/wp\/v2\/types\/page"}],"author":[{"embeddable":true,"href":"http:\/\/pixelwucht.de\/index.php?rest_route=\/wp\/v2\/users\/1"}],"replies":[{"embeddable":true,"href":"http:\/\/pixelwucht.de\/index.php?rest_route=%2Fwp%2Fv2%2Fcomments&post=59"}],"version-history":[{"count":4,"href":"http:\/\/pixelwucht.de\/index.php?rest_route=\/wp\/v2\/pages\/59\/revisions"}],"predecessor-version":[{"id":686,"href":"http:\/\/pixelwucht.de\/index.php?rest_route=\/wp\/v2\/pages\/59\/revisions\/686"}],"wp:attachment":[{"href":"http:\/\/pixelwucht.de\/index.php?rest_route=%2Fwp%2Fv2%2Fmedia&parent=59"}],"curies":[{"name":"wp","href":"https:\/\/api.w.org\/{rel}","templated":true}]}}